{"id":4899,"date":"2022-03-29T14:33:27","date_gmt":"2022-03-29T12:33:27","guid":{"rendered":"http:\/\/www.halimi.at\/?page_id=4899"},"modified":"2022-09-07T12:04:47","modified_gmt":"2022-09-07T10:04:47","slug":"offene-stellen","status":"publish","type":"page","link":"https:\/\/www.halimi.at\/?page_id=4899","title":{"rendered":"Offene Stellen"},"content":{"rendered":"\t\t<div data-elementor-type=\"wp-page\" data-elementor-id=\"4899\" class=\"elementor elementor-4899\">\n\t\t\t\t\t\t\t\t\t<section class=\"elementor-section elementor-top-section elementor-element elementor-element-43ca484 elementor-section-boxed elementor-section-gap-default elementor-section-height-default elementor-section-height-default\" data-id=\"43ca484\" data-element_type=\"section\">\n\t\t\t\t\t\t<div class=\"elementor-container elementor-column-gap-default\">\n\t\t\t\t\t<div class=\"elementor-column elementor-col-100 elementor-top-column elementor-element elementor-element-454aadc rey-colbg--classic\" data-id=\"454aadc\" data-element_type=\"column\" data-settings=\"{&quot;background_background&quot;:&quot;classic&quot;}\">\n\t\t\t<div class=\"elementor-column-wrap--454aadc elementor-widget-wrap elementor-element-populated\">\n\t\t\t\t\t\t\t\t<div class=\"elementor-element elementor-element-56372e6 elementor-widget elementor-widget-heading\" data-id=\"56372e6\" data-element_type=\"widget\" data-widget_type=\"heading.default\">\n\t\t\t\t<div class=\"elementor-widget-container\">\n\t\t\t<h2 class=\"elementor-heading-title elementor-size-default\">Reinigungskraft\/Wels <\/h2>\t\t<\/div>\n\t\t\t\t<\/div>\n\t\t\t\t<div class=\"elementor-element elementor-element-925f5cb u-links-anim-ul elementor-widget elementor-widget-text-editor\" data-id=\"925f5cb\" data-element_type=\"widget\" data-widget_type=\"text-editor.default\">\n\t\t\t\t<div class=\"elementor-widget-container\">\n\t\t\t\t\t\t\t<p>Teilzeitbesch\u00e4ftigung im Ausma\u00df von 20 Wochenstunden &#8211; Mo-Fr von 16:00 &#8211; 20:00 Uhr<\/p><p>UNSER ANGEBOT<\/p><p>Wir bieten einen eigenverantwortlichen Aufgabenbereich in einem krisensicheren Unternehmen.<\/p><p>Der Bruttostundenlohn betr\u00e4gt 9,71\u20ac\u00a0<\/p><p>Abh\u00e4ngig von Ausbildung, Qualifikation und Erfahrung ist eine Bereitschaft zur \u00dcberzahlung vorhanden.\u00a0<\/p><p>\u00a0<\/p>\t\t\t\t\t\t<\/div>\n\t\t\t\t<\/div>\n\t\t\t\t<section class=\"elementor-section elementor-inner-section elementor-element elementor-element-1be97de elementor-section-boxed elementor-section-gap-default elementor-section-height-default elementor-section-height-default\" data-id=\"1be97de\" data-element_type=\"section\">\n\t\t\t\t\t\t<div class=\"elementor-container elementor-column-gap-default\">\n\t\t\t\t\t<div class=\"elementor-column elementor-col-50 elementor-inner-column elementor-element elementor-element-4e2253e\" data-id=\"4e2253e\" data-element_type=\"column\">\n\t\t\t<div class=\"elementor-column-wrap--4e2253e elementor-widget-wrap elementor-element-populated\">\n\t\t\t\t\t\t\t\t<div class=\"elementor-element elementor-element-99d13bf elementor-widget elementor-widget-heading\" data-id=\"99d13bf\" data-element_type=\"widget\" data-widget_type=\"heading.default\">\n\t\t\t\t<div class=\"elementor-widget-container\">\n\t\t\t<h2 class=\"elementor-heading-title elementor-size-default\">Ihre Aufgaben:<\/h2>\t\t<\/div>\n\t\t\t\t<\/div>\n\t\t\t\t<div class=\"elementor-element elementor-element-7e065fc elementor-icon-list--layout-traditional elementor-list-item-link-full_width elementor-widget elementor-widget-icon-list\" data-id=\"7e065fc\" data-element_type=\"widget\" data-widget_type=\"icon-list.default\">\n\t\t\t\t<div class=\"elementor-widget-container\">\n\t\t\t\t\t<ul class=\"elementor-icon-list-items\">\n\t\t\t\t\t\t\t<li class=\"elementor-icon-list-item\">\n\t\t\t\t\t\t\t\t\t\t\t<span class=\"elementor-icon-list-icon\">\n\t\t\t\t\t\t\t<i aria-hidden=\"true\" class=\"far fa-circle\"><\/i>\t\t\t\t\t\t<\/span>\n\t\t\t\t\t\t\t\t\t\t<span class=\"elementor-icon-list-text\">B\u00fcroreinigung<\/span>\n\t\t\t\t\t\t\t\t\t<\/li>\n\t\t\t\t\t\t\t\t<li class=\"elementor-icon-list-item\">\n\t\t\t\t\t\t\t\t\t\t\t<span class=\"elementor-icon-list-icon\">\n\t\t\t\t\t\t\t<i aria-hidden=\"true\" class=\"far fa-circle\"><\/i>\t\t\t\t\t\t<\/span>\n\t\t\t\t\t\t\t\t\t\t<span class=\"elementor-icon-list-text\">Bedienung von Reinigungsmaschinen<\/span>\n\t\t\t\t\t\t\t\t\t<\/li>\n\t\t\t\t\t\t\t\t<li class=\"elementor-icon-list-item\">\n\t\t\t\t\t\t\t\t\t\t\t<span class=\"elementor-icon-list-icon\">\n\t\t\t\t\t\t\t<i aria-hidden=\"true\" class=\"far fa-circle\"><\/i>\t\t\t\t\t\t<\/span>\n\t\t\t\t\t\t\t\t\t\t<span class=\"elementor-icon-list-text\">M\u00fcllentsorgung<\/span>\n\t\t\t\t\t\t\t\t\t<\/li>\n\t\t\t\t\t\t\t\t<li class=\"elementor-icon-list-item\">\n\t\t\t\t\t\t\t\t\t\t\t<span class=\"elementor-icon-list-icon\">\n\t\t\t\t\t\t\t<i aria-hidden=\"true\" class=\"far fa-circle\"><\/i>\t\t\t\t\t\t<\/span>\n\t\t\t\t\t\t\t\t\t\t<span class=\"elementor-icon-list-text\">Reinigung von Sanit\u00e4rr\u00e4umen<\/span>\n\t\t\t\t\t\t\t\t\t<\/li>\n\t\t\t\t\t\t\t\t<li class=\"elementor-icon-list-item\">\n\t\t\t\t\t\t\t\t\t\t\t<span class=\"elementor-icon-list-icon\">\n\t\t\t\t\t\t\t<i aria-hidden=\"true\" class=\"far fa-circle\"><\/i>\t\t\t\t\t\t<\/span>\n\t\t\t\t\t\t\t\t\t\t<span class=\"elementor-icon-list-text\">Staubsaugen<\/span>\n\t\t\t\t\t\t\t\t\t<\/li>\n\t\t\t\t\t\t\t\t<li class=\"elementor-icon-list-item\">\n\t\t\t\t\t\t\t\t\t\t\t<span class=\"elementor-icon-list-icon\">\n\t\t\t\t\t\t\t<i aria-hidden=\"true\" class=\"far fa-circle\"><\/i>\t\t\t\t\t\t<\/span>\n\t\t\t\t\t\t\t\t\t\t<span class=\"elementor-icon-list-text\">Spinnweben entfernen<\/span>\n\t\t\t\t\t\t\t\t\t<\/li>\n\t\t\t\t\t\t<\/ul>\n\t\t\t\t<\/div>\n\t\t\t\t<\/div>\n\t\t\t\t\t<\/div>\n\t\t<\/div>\n\t\t\t\t<div class=\"elementor-column elementor-col-50 elementor-inner-column elementor-element elementor-element-23ecdb3\" data-id=\"23ecdb3\" data-element_type=\"column\">\n\t\t\t<div class=\"elementor-column-wrap--23ecdb3 elementor-widget-wrap elementor-element-populated\">\n\t\t\t\t\t\t\t\t<div class=\"elementor-element elementor-element-5b52c0d elementor-widget elementor-widget-heading\" data-id=\"5b52c0d\" data-element_type=\"widget\" data-widget_type=\"heading.default\">\n\t\t\t\t<div class=\"elementor-widget-container\">\n\t\t\t<h2 class=\"elementor-heading-title elementor-size-default\">Sie bringen idealerweise mit:<\/h2>\t\t<\/div>\n\t\t\t\t<\/div>\n\t\t\t\t<div class=\"elementor-element elementor-element-d2d18c3 elementor-icon-list--layout-traditional elementor-list-item-link-full_width elementor-widget elementor-widget-icon-list\" data-id=\"d2d18c3\" data-element_type=\"widget\" data-widget_type=\"icon-list.default\">\n\t\t\t\t<div class=\"elementor-widget-container\">\n\t\t\t\t\t<ul class=\"elementor-icon-list-items\">\n\t\t\t\t\t\t\t<li class=\"elementor-icon-list-item\">\n\t\t\t\t\t\t\t\t\t\t\t<span class=\"elementor-icon-list-icon\">\n\t\t\t\t\t\t\t<i aria-hidden=\"true\" class=\"far fa-circle\"><\/i>\t\t\t\t\t\t<\/span>\n\t\t\t\t\t\t\t\t\t\t<span class=\"elementor-icon-list-text\">Berufserfahrung<\/span>\n\t\t\t\t\t\t\t\t\t<\/li>\n\t\t\t\t\t\t\t\t<li class=\"elementor-icon-list-item\">\n\t\t\t\t\t\t\t\t\t\t\t<span class=\"elementor-icon-list-icon\">\n\t\t\t\t\t\t\t<i aria-hidden=\"true\" class=\"far fa-circle\"><\/i>\t\t\t\t\t\t<\/span>\n\t\t\t\t\t\t\t\t\t\t<span class=\"elementor-icon-list-text\">Sinn f\u00fcr Sauberkeit<\/span>\n\t\t\t\t\t\t\t\t\t<\/li>\n\t\t\t\t\t\t\t\t<li class=\"elementor-icon-list-item\">\n\t\t\t\t\t\t\t\t\t\t\t<span class=\"elementor-icon-list-icon\">\n\t\t\t\t\t\t\t<i aria-hidden=\"true\" class=\"far fa-circle\"><\/i>\t\t\t\t\t\t<\/span>\n\t\t\t\t\t\t\t\t\t\t<span class=\"elementor-icon-list-text\">F\u00fchrerschein Klasse B<\/span>\n\t\t\t\t\t\t\t\t\t<\/li>\n\t\t\t\t\t\t<\/ul>\n\t\t\t\t<\/div>\n\t\t\t\t<\/div>\n\t\t\t\t\t<\/div>\n\t\t<\/div>\n\t\t\t\t\t\t\t<\/div>\n\t\t<\/section>\n\t\t\t\t\t<\/div>\n\t\t<\/div>\n\t\t\t\t\t\t\t<\/div>\n\t\t<\/section>\n\t\t\t\t\t\t\t<\/div>\n\t\t","protected":false},"excerpt":{"rendered":"<p>Reinigungskraft\/Wels Teilzeitbesch\u00e4ftigung im Ausma\u00df von 20 Wochenstunden &#8211; Mo-Fr von 16:00 &#8211; 20:00 Uhr UNSER ANGEBOT Wir bieten einen eigenverantwortlichen Aufgabenbereich in einem krisensicheren Unternehmen. Der Bruttostundenlohn betr\u00e4gt 9,71\u20ac\u00a0 Abh\u00e4ngig von Ausbildung, Qualifikation und Erfahrung ist eine Bereitschaft zur \u00dcberzahlung vorhanden.\u00a0 \u00a0 Ihre Aufgaben: B\u00fcroreinigung Bedienung von Reinigungsmaschinen M\u00fcllentsorgung Reinigung von Sanit\u00e4rr\u00e4umen Staubsaugen Spinnweben entfernen [&hellip;]<\/p>\n","protected":false},"author":1,"featured_media":0,"parent":0,"menu_order":0,"comment_status":"closed","ping_status":"closed","template":"","meta":[],"acf":[],"yoast_head":"<!-- This site is optimized with the Yoast SEO plugin v19.6.1 - https:\/\/yoast.com\/wordpress\/plugins\/seo\/ -->\n<title>Geb\u00e4udereinigung in Wels - Winterdienst, Gartenpflege | Gebr\u00fcder Halimi GmbH<\/title>\n<meta name=\"description\" content=\"Geb\u00e4udereinigung , Gartenpflege &amp;, Winterdienst in Wels, Ober\u00f6sterreich | Wir pflegen Ihr Objekt professionell und zuverl\u00e4ssig. Jetzt unverbindlich anfragen\" \/>\n<meta name=\"robots\" content=\"index, follow, max-snippet:-1, max-image-preview:large, max-video-preview:-1\" \/>\n<link rel=\"canonical\" href=\"https:\/\/www.halimi.at\/?page_id=4899\" \/>\n<meta property=\"og:locale\" content=\"de_DE\" \/>\n<meta property=\"og:type\" content=\"article\" \/>\n<meta property=\"og:title\" content=\"Geb\u00e4udereinigung in Wels - Winterdienst, Gartenpflege | Gebr\u00fcder Halimi GmbH\" \/>\n<meta property=\"og:description\" content=\"Geb\u00e4udereinigung , Gartenpflege &amp;, Winterdienst in Wels, Ober\u00f6sterreich | Wir pflegen Ihr Objekt professionell und zuverl\u00e4ssig. Jetzt unverbindlich anfragen\" \/>\n<meta property=\"og:url\" content=\"https:\/\/www.halimi.at\/?page_id=4899\" \/>\n<meta property=\"og:site_name\" content=\"Gebr\u00fcder Halimi GmbH\" \/>\n<meta property=\"article:modified_time\" content=\"2022-09-07T10:04:47+00:00\" \/>\n<meta name=\"twitter:card\" content=\"summary_large_image\" \/>\n<meta name=\"twitter:label1\" content=\"Gesch\u00e4tzte Lesezeit\" \/>\n\t<meta name=\"twitter:data1\" content=\"1\u00a0Minute\" \/>\n<script type=\"application\/ld+json\" class=\"yoast-schema-graph\">{\"@context\":\"https:\/\/schema.org\",\"@graph\":[{\"@type\":\"WebPage\",\"@id\":\"https:\/\/www.halimi.at\/?page_id=4899\",\"url\":\"https:\/\/www.halimi.at\/?page_id=4899\",\"name\":\"Geb\u00e4udereinigung in Wels - Winterdienst, Gartenpflege | Gebr\u00fcder Halimi GmbH\",\"isPartOf\":{\"@id\":\"https:\/\/www.halimi.at\/#website\"},\"datePublished\":\"2022-03-29T12:33:27+00:00\",\"dateModified\":\"2022-09-07T10:04:47+00:00\",\"description\":\"Geb\u00e4udereinigung , Gartenpflege &, Winterdienst in Wels, Ober\u00f6sterreich | Wir pflegen Ihr Objekt professionell und zuverl\u00e4ssig. Jetzt unverbindlich anfragen\",\"breadcrumb\":{\"@id\":\"https:\/\/www.halimi.at\/?page_id=4899#breadcrumb\"},\"inLanguage\":\"de\",\"potentialAction\":[{\"@type\":\"ReadAction\",\"target\":[\"https:\/\/www.halimi.at\/?page_id=4899\"]}]},{\"@type\":\"BreadcrumbList\",\"@id\":\"https:\/\/www.halimi.at\/?page_id=4899#breadcrumb\",\"itemListElement\":[{\"@type\":\"ListItem\",\"position\":1,\"name\":\"Startseite\",\"item\":\"https:\/\/www.halimi.at\/\"},{\"@type\":\"ListItem\",\"position\":2,\"name\":\"Offene Stellen\"}]},{\"@type\":\"WebSite\",\"@id\":\"https:\/\/www.halimi.at\/#website\",\"url\":\"https:\/\/www.halimi.at\/\",\"name\":\"Gebr\u00fcder Halimi GmbH\",\"description\":\"Geb\u00e4udereinigung Wels, Gartenpflege Wels, Winterdienst Wels\",\"potentialAction\":[{\"@type\":\"SearchAction\",\"target\":{\"@type\":\"EntryPoint\",\"urlTemplate\":\"https:\/\/www.halimi.at\/?s={search_term_string}\"},\"query-input\":\"required name=search_term_string\"}],\"inLanguage\":\"de\"}]}<\/script>\n<!-- \/ Yoast SEO plugin. -->","yoast_head_json":{"title":"Geb\u00e4udereinigung in Wels - Winterdienst, Gartenpflege | Gebr\u00fcder Halimi GmbH","description":"Geb\u00e4udereinigung , Gartenpflege &, Winterdienst in Wels, Ober\u00f6sterreich | Wir pflegen Ihr Objekt professionell und zuverl\u00e4ssig. Jetzt unverbindlich anfragen","robots":{"index":"index","follow":"follow","max-snippet":"max-snippet:-1","max-image-preview":"max-image-preview:large","max-video-preview":"max-video-preview:-1"},"canonical":"https:\/\/www.halimi.at\/?page_id=4899","og_locale":"de_DE","og_type":"article","og_title":"Geb\u00e4udereinigung in Wels - Winterdienst, Gartenpflege | Gebr\u00fcder Halimi GmbH","og_description":"Geb\u00e4udereinigung , Gartenpflege &, Winterdienst in Wels, Ober\u00f6sterreich | Wir pflegen Ihr Objekt professionell und zuverl\u00e4ssig. Jetzt unverbindlich anfragen","og_url":"https:\/\/www.halimi.at\/?page_id=4899","og_site_name":"Gebr\u00fcder Halimi GmbH","article_modified_time":"2022-09-07T10:04:47+00:00","twitter_card":"summary_large_image","twitter_misc":{"Gesch\u00e4tzte Lesezeit":"1\u00a0Minute"},"schema":{"@context":"https:\/\/schema.org","@graph":[{"@type":"WebPage","@id":"https:\/\/www.halimi.at\/?page_id=4899","url":"https:\/\/www.halimi.at\/?page_id=4899","name":"Geb\u00e4udereinigung in Wels - Winterdienst, Gartenpflege | Gebr\u00fcder Halimi GmbH","isPartOf":{"@id":"https:\/\/www.halimi.at\/#website"},"datePublished":"2022-03-29T12:33:27+00:00","dateModified":"2022-09-07T10:04:47+00:00","description":"Geb\u00e4udereinigung , Gartenpflege &, Winterdienst in Wels, Ober\u00f6sterreich | Wir pflegen Ihr Objekt professionell und zuverl\u00e4ssig. Jetzt unverbindlich anfragen","breadcrumb":{"@id":"https:\/\/www.halimi.at\/?page_id=4899#breadcrumb"},"inLanguage":"de","potentialAction":[{"@type":"ReadAction","target":["https:\/\/www.halimi.at\/?page_id=4899"]}]},{"@type":"BreadcrumbList","@id":"https:\/\/www.halimi.at\/?page_id=4899#breadcrumb","itemListElement":[{"@type":"ListItem","position":1,"name":"Startseite","item":"https:\/\/www.halimi.at\/"},{"@type":"ListItem","position":2,"name":"Offene Stellen"}]},{"@type":"WebSite","@id":"https:\/\/www.halimi.at\/#website","url":"https:\/\/www.halimi.at\/","name":"Gebr\u00fcder Halimi GmbH","description":"Geb\u00e4udereinigung Wels, Gartenpflege Wels, Winterdienst Wels","potentialAction":[{"@type":"SearchAction","target":{"@type":"EntryPoint","urlTemplate":"https:\/\/www.halimi.at\/?s={search_term_string}"},"query-input":"required name=search_term_string"}],"inLanguage":"de"}]}},"_links":{"self":[{"href":"https:\/\/www.halimi.at\/index.php?rest_route=\/wp\/v2\/pages\/4899"}],"collection":[{"href":"https:\/\/www.halimi.at\/index.php?rest_route=\/wp\/v2\/pages"}],"about":[{"href":"https:\/\/www.halimi.at\/index.php?rest_route=\/wp\/v2\/types\/page"}],"author":[{"embeddable":true,"href":"https:\/\/www.halimi.at\/index.php?rest_route=\/wp\/v2\/users\/1"}],"replies":[{"embeddable":true,"href":"https:\/\/www.halimi.at\/index.php?rest_route=%2Fwp%2Fv2%2Fcomments&post=4899"}],"version-history":[{"count":26,"href":"https:\/\/www.halimi.at\/index.php?rest_route=\/wp\/v2\/pages\/4899\/revisions"}],"predecessor-version":[{"id":5103,"href":"https:\/\/www.halimi.at\/index.php?rest_route=\/wp\/v2\/pages\/4899\/revisions\/5103"}],"wp:attachment":[{"href":"https:\/\/www.halimi.at\/index.php?rest_route=%2Fwp%2Fv2%2Fmedia&parent=4899"}],"curies":[{"name":"wp","href":"https:\/\/api.w.org\/{rel}","templated":true}]}}