{"id":607,"date":"2019-05-28T06:33:07","date_gmt":"2019-05-28T04:33:07","guid":{"rendered":"http:\/\/demos.reytheme.com\/newyork\/?page_id=607"},"modified":"2024-10-14T16:45:31","modified_gmt":"2024-10-14T14:45:31","slug":"about-us","status":"publish","type":"page","link":"https:\/\/www.halimi.at\/?page_id=607","title":{"rendered":"\u00dcber uns"},"content":{"rendered":"\t\t<div data-elementor-type=\"wp-post\" data-elementor-id=\"607\" class=\"elementor elementor-607\">\n\t\t\t\t\t\t\t\t\t<section class=\"elementor-section elementor-top-section elementor-element elementor-element-672326b2 rey-flexWrap elementor-section-boxed elementor-section-gap-default elementor-section-height-default elementor-section-height-default\" data-id=\"672326b2\" data-element_type=\"section\">\n\t\t\t\t\t\t<div class=\"elementor-container elementor-column-gap-default\">\n\t\t\t\t\t<div class=\"elementor-column elementor-col-100 elementor-top-column elementor-element elementor-element-50f67dde\" data-id=\"50f67dde\" data-element_type=\"column\">\n\t\t\t<div class=\"elementor-column-wrap--50f67dde elementor-widget-wrap elementor-element-populated\">\n\t\t\t\t\t\t\t\t<div class=\"elementor-element elementor-element-c9d1c7b elementor-widget elementor-widget-heading\" data-id=\"c9d1c7b\" data-element_type=\"widget\" data-widget_type=\"heading.default\">\n\t\t\t\t<div class=\"elementor-widget-container\">\n\t\t\t<h1 class=\"elementor-heading-title elementor-size-default\">\nUnser Service\n<\/h1>\t\t<\/div>\n\t\t\t\t<\/div>\n\t\t\t\t<div class=\"elementor-element elementor-element-1cd4dae7 elementor-widget__width-auto elementor-widget-divider--view-line elementor-widget elementor-widget-divider\" data-id=\"1cd4dae7\" data-element_type=\"widget\" data-widget_type=\"divider.default\">\n\t\t\t\t<div class=\"elementor-widget-container\">\n\t\t\t\t\t<div class=\"elementor-divider\">\n\t\t\t<span class=\"elementor-divider-separator\">\n\t\t\t\t\t\t<\/span>\n\t\t<\/div>\n\t\t\t\t<\/div>\n\t\t\t\t<\/div>\n\t\t\t\t<div class=\"elementor-element elementor-element-25d3218 elementor-widget__width-initial u-links-anim-ul elementor-widget elementor-widget-text-editor\" data-id=\"25d3218\" data-element_type=\"widget\" data-widget_type=\"text-editor.default\">\n\t\t\t\t<div class=\"elementor-widget-container\">\n\t\t\t\t\t\t\t<p>Durch optimale und ressourcenschonende Prozesse erhalten wir Werte und schaffen ein sauberes Umfeld, in dem sich Kunden wie Mitarbeiter gleicherma\u00dfen wohlf\u00fchlen. Und dort, wo es darauf ankommt, sorgen wir zuverl\u00e4ssig f\u00fcr Hygiene. Dabei achten wir auch auf den Einsatz umweltvertr\u00e4glicher Reinigungsmittel.<\/p>\n<p>Ausgestattet mit einem \u00fcberdurchschnittlichen Kosten- und Qualit\u00e4tsbewusstsein entwickeln wir gemeinsam mit Ihnen ein ma\u00dfgeschneidertes Reinigungskonzept. Wir betreuen unsere Kunden in ganz Ober\u00f6sterreich. Dabei ist es vollkommen egal ob Gewerbe- oder Privatkunde.<\/p>\n<p><br><\/p>\n<p>Saubere Fassaden, gl\u00e4nzende R\u00e4umlichkeiten und eine hygienisch reine Umgebungen: Die Liebe zum Geb\u00e4udereiniger-Handwerk macht uns zu einem zuverl\u00e4ssigen Partner f\u00fcr Ihr Unternehmen. Ob in B\u00fcroimmobilien, Krankenh\u00e4usern, Verkehrsmitteln oder in der Lebensmittelproduktion \u2013 wir setzen neue Ma\u00dfst\u00e4be in der Reinigung.<\/p>\t\t\t\t\t\t<\/div>\n\t\t\t\t<\/div>\n\t\t\t\t\t<\/div>\n\t\t<\/div>\n\t\t\t\t\t\t\t<\/div>\n\t\t<\/section>\n\t\t\t\t\t\t\t<\/div>\n\t\t","protected":false},"excerpt":{"rendered":"<p>Unser Service Durch optimale und ressourcenschonende Prozesse erhalten wir Werte und schaffen ein sauberes Umfeld, in dem sich Kunden wie Mitarbeiter gleicherma\u00dfen wohlf\u00fchlen. Und dort, wo es darauf ankommt, sorgen wir zuverl\u00e4ssig f\u00fcr Hygiene. Dabei achten wir auch auf den Einsatz umweltvertr\u00e4glicher Reinigungsmittel. Ausgestattet mit einem \u00fcberdurchschnittlichen Kosten- und Qualit\u00e4tsbewusstsein entwickeln wir gemeinsam mit Ihnen [&hellip;]<\/p>\n","protected":false},"author":1,"featured_media":0,"parent":0,"menu_order":0,"comment_status":"closed","ping_status":"closed","template":"template-builder.php","meta":[],"acf":[],"yoast_head":"<!-- This site is optimized with the Yoast SEO plugin v19.6.1 - https:\/\/yoast.com\/wordpress\/plugins\/seo\/ -->\n<title>Geb\u00e4udereinigung in Wels - Winterdienst, Gartenpflege | Gebr\u00fcder Halimi GmbH<\/title>\n<meta name=\"description\" content=\"Geb\u00e4udereinigung , Gartenpflege &amp;, Winterdienst in Wels, Ober\u00f6sterreich | Wir pflegen Ihr Objekt professionell und zuverl\u00e4ssig. Jetzt unverbindlich anfragen\" \/>\n<meta name=\"robots\" content=\"index, follow, max-snippet:-1, max-image-preview:large, max-video-preview:-1\" \/>\n<link rel=\"canonical\" href=\"https:\/\/www.halimi.at\/?page_id=607\" \/>\n<meta property=\"og:locale\" content=\"de_DE\" \/>\n<meta property=\"og:type\" content=\"article\" \/>\n<meta property=\"og:title\" content=\"Geb\u00e4udereinigung in Wels - Winterdienst, Gartenpflege | Gebr\u00fcder Halimi GmbH\" \/>\n<meta property=\"og:description\" content=\"Geb\u00e4udereinigung , Gartenpflege &amp;, Winterdienst in Wels, Ober\u00f6sterreich | Wir pflegen Ihr Objekt professionell und zuverl\u00e4ssig. Jetzt unverbindlich anfragen\" \/>\n<meta property=\"og:url\" content=\"https:\/\/www.halimi.at\/?page_id=607\" \/>\n<meta property=\"og:site_name\" content=\"Gebr\u00fcder Halimi GmbH\" \/>\n<meta property=\"article:modified_time\" content=\"2024-10-14T14:45:31+00:00\" \/>\n<meta name=\"twitter:card\" content=\"summary_large_image\" \/>\n<meta name=\"twitter:label1\" content=\"Gesch\u00e4tzte Lesezeit\" \/>\n\t<meta name=\"twitter:data1\" content=\"1\u00a0Minute\" \/>\n<script type=\"application\/ld+json\" class=\"yoast-schema-graph\">{\"@context\":\"https:\/\/schema.org\",\"@graph\":[{\"@type\":\"WebPage\",\"@id\":\"https:\/\/www.halimi.at\/?page_id=607\",\"url\":\"https:\/\/www.halimi.at\/?page_id=607\",\"name\":\"Geb\u00e4udereinigung in Wels - Winterdienst, Gartenpflege | Gebr\u00fcder Halimi GmbH\",\"isPartOf\":{\"@id\":\"https:\/\/www.halimi.at\/#website\"},\"datePublished\":\"2019-05-28T04:33:07+00:00\",\"dateModified\":\"2024-10-14T14:45:31+00:00\",\"description\":\"Geb\u00e4udereinigung , Gartenpflege &, Winterdienst in Wels, Ober\u00f6sterreich | Wir pflegen Ihr Objekt professionell und zuverl\u00e4ssig. Jetzt unverbindlich anfragen\",\"breadcrumb\":{\"@id\":\"https:\/\/www.halimi.at\/?page_id=607#breadcrumb\"},\"inLanguage\":\"de\",\"potentialAction\":[{\"@type\":\"ReadAction\",\"target\":[\"https:\/\/www.halimi.at\/?page_id=607\"]}]},{\"@type\":\"BreadcrumbList\",\"@id\":\"https:\/\/www.halimi.at\/?page_id=607#breadcrumb\",\"itemListElement\":[{\"@type\":\"ListItem\",\"position\":1,\"name\":\"Startseite\",\"item\":\"https:\/\/www.halimi.at\/\"},{\"@type\":\"ListItem\",\"position\":2,\"name\":\"\u00dcber uns\"}]},{\"@type\":\"WebSite\",\"@id\":\"https:\/\/www.halimi.at\/#website\",\"url\":\"https:\/\/www.halimi.at\/\",\"name\":\"Gebr\u00fcder Halimi GmbH\",\"description\":\"Geb\u00e4udereinigung Wels, Gartenpflege Wels, Winterdienst Wels\",\"potentialAction\":[{\"@type\":\"SearchAction\",\"target\":{\"@type\":\"EntryPoint\",\"urlTemplate\":\"https:\/\/www.halimi.at\/?s={search_term_string}\"},\"query-input\":\"required name=search_term_string\"}],\"inLanguage\":\"de\"}]}<\/script>\n<!-- \/ Yoast SEO plugin. -->","yoast_head_json":{"title":"Geb\u00e4udereinigung in Wels - Winterdienst, Gartenpflege | Gebr\u00fcder Halimi GmbH","description":"Geb\u00e4udereinigung , Gartenpflege &, Winterdienst in Wels, Ober\u00f6sterreich | Wir pflegen Ihr Objekt professionell und zuverl\u00e4ssig. Jetzt unverbindlich anfragen","robots":{"index":"index","follow":"follow","max-snippet":"max-snippet:-1","max-image-preview":"max-image-preview:large","max-video-preview":"max-video-preview:-1"},"canonical":"https:\/\/www.halimi.at\/?page_id=607","og_locale":"de_DE","og_type":"article","og_title":"Geb\u00e4udereinigung in Wels - Winterdienst, Gartenpflege | Gebr\u00fcder Halimi GmbH","og_description":"Geb\u00e4udereinigung , Gartenpflege &, Winterdienst in Wels, Ober\u00f6sterreich | Wir pflegen Ihr Objekt professionell und zuverl\u00e4ssig. Jetzt unverbindlich anfragen","og_url":"https:\/\/www.halimi.at\/?page_id=607","og_site_name":"Gebr\u00fcder Halimi GmbH","article_modified_time":"2024-10-14T14:45:31+00:00","twitter_card":"summary_large_image","twitter_misc":{"Gesch\u00e4tzte Lesezeit":"1\u00a0Minute"},"schema":{"@context":"https:\/\/schema.org","@graph":[{"@type":"WebPage","@id":"https:\/\/www.halimi.at\/?page_id=607","url":"https:\/\/www.halimi.at\/?page_id=607","name":"Geb\u00e4udereinigung in Wels - Winterdienst, Gartenpflege | Gebr\u00fcder Halimi GmbH","isPartOf":{"@id":"https:\/\/www.halimi.at\/#website"},"datePublished":"2019-05-28T04:33:07+00:00","dateModified":"2024-10-14T14:45:31+00:00","description":"Geb\u00e4udereinigung , Gartenpflege &, Winterdienst in Wels, Ober\u00f6sterreich | Wir pflegen Ihr Objekt professionell und zuverl\u00e4ssig. Jetzt unverbindlich anfragen","breadcrumb":{"@id":"https:\/\/www.halimi.at\/?page_id=607#breadcrumb"},"inLanguage":"de","potentialAction":[{"@type":"ReadAction","target":["https:\/\/www.halimi.at\/?page_id=607"]}]},{"@type":"BreadcrumbList","@id":"https:\/\/www.halimi.at\/?page_id=607#breadcrumb","itemListElement":[{"@type":"ListItem","position":1,"name":"Startseite","item":"https:\/\/www.halimi.at\/"},{"@type":"ListItem","position":2,"name":"\u00dcber uns"}]},{"@type":"WebSite","@id":"https:\/\/www.halimi.at\/#website","url":"https:\/\/www.halimi.at\/","name":"Gebr\u00fcder Halimi GmbH","description":"Geb\u00e4udereinigung Wels, Gartenpflege Wels, Winterdienst Wels","potentialAction":[{"@type":"SearchAction","target":{"@type":"EntryPoint","urlTemplate":"https:\/\/www.halimi.at\/?s={search_term_string}"},"query-input":"required name=search_term_string"}],"inLanguage":"de"}]}},"_links":{"self":[{"href":"https:\/\/www.halimi.at\/index.php?rest_route=\/wp\/v2\/pages\/607"}],"collection":[{"href":"https:\/\/www.halimi.at\/index.php?rest_route=\/wp\/v2\/pages"}],"about":[{"href":"https:\/\/www.halimi.at\/index.php?rest_route=\/wp\/v2\/types\/page"}],"author":[{"embeddable":true,"href":"https:\/\/www.halimi.at\/index.php?rest_route=\/wp\/v2\/users\/1"}],"replies":[{"embeddable":true,"href":"https:\/\/www.halimi.at\/index.php?rest_route=%2Fwp%2Fv2%2Fcomments&post=607"}],"version-history":[{"count":84,"href":"https:\/\/www.halimi.at\/index.php?rest_route=\/wp\/v2\/pages\/607\/revisions"}],"predecessor-version":[{"id":5128,"href":"https:\/\/www.halimi.at\/index.php?rest_route=\/wp\/v2\/pages\/607\/revisions\/5128"}],"wp:attachment":[{"href":"https:\/\/www.halimi.at\/index.php?rest_route=%2Fwp%2Fv2%2Fmedia&parent=607"}],"curies":[{"name":"wp","href":"https:\/\/api.w.org\/{rel}","templated":true}]}}