{"id":938,"date":"2021-05-03T11:54:07","date_gmt":"2021-05-03T09:54:07","guid":{"rendered":"http:\/\/www.halimi.at\/?page_id=938"},"modified":"2022-09-06T16:40:50","modified_gmt":"2022-09-06T14:40:50","slug":"impressum","status":"publish","type":"page","link":"https:\/\/www.halimi.at\/?page_id=938","title":{"rendered":"Impressum"},"content":{"rendered":"\t\t<div data-elementor-type=\"wp-page\" data-elementor-id=\"938\" class=\"elementor elementor-938\">\n\t\t\t\t\t\t\t\t\t<section class=\"elementor-section elementor-top-section elementor-element elementor-element-005ef92 elementor-section-boxed elementor-section-gap-default elementor-section-height-default elementor-section-height-default\" data-id=\"005ef92\" data-element_type=\"section\">\n\t\t\t\t\t\t<div class=\"elementor-container elementor-column-gap-default\">\n\t\t\t\t\t<div class=\"elementor-column elementor-col-100 elementor-top-column elementor-element elementor-element-ea8e997\" data-id=\"ea8e997\" data-element_type=\"column\">\n\t\t\t<div class=\"elementor-column-wrap--ea8e997 elementor-widget-wrap elementor-element-populated\">\n\t\t\t\t\t\t\t\t<div class=\"elementor-element elementor-element-7d964e3 u-links-anim-ul elementor-widget elementor-widget-text-editor\" data-id=\"7d964e3\" data-element_type=\"widget\" data-widget_type=\"text-editor.default\">\n\t\t\t\t<div class=\"elementor-widget-container\">\n\t\t\t\t\t\t\t<p><!-- wp:heading {\"level\":3} --><\/p>\n<p>Informationspflicht laut \u00a75 E-Commerce Gesetz, \u00a714 Unternehmensgesetzbuch, \u00a763 Gewerbeordnung und Offenlegungspflicht laut \u00a725 Mediengesetz.<\/p>\n<p><!-- \/wp:paragraph --><\/p>\n<p><!-- wp:paragraph --><\/p>\n<p>Gebr\u00fcder Halimi GmbH<br \/>Salzburger Stra\u00dfe 162<br \/>4600 Wels<br \/>\u00d6sterreich<\/p>\n<p><!-- \/wp:paragraph --><\/p>\n<p><!-- wp:paragraph --><\/p>\n<p><strong>UID-Nummer:<\/strong> ATU78144278<br \/><strong>GISA:<\/strong> 34851517, 34871089, 34871331<br \/><strong>Firmenbuchnummer:<\/strong> FN 574176 b<br \/><strong>Firmenbuchgericht:<\/strong> Wels<br \/><strong>Firmensitz:<\/strong> 4600 Wels<\/p>\n<p><!-- \/wp:paragraph --><\/p>\n<p><!-- wp:paragraph --><\/p>\n<p><strong>Tel.:<\/strong> 0043 699 101 52 56 0<br \/><strong>E-Mail:<\/strong> office@halimi.at<\/p>\n<p><!-- \/wp:paragraph --><\/p>\n<p><!-- wp:paragraph --><\/p>\n<p><strong>Mitglied bei:<\/strong> WKO, Landesinnung, etc.<br \/><strong>Berufsrecht:<\/strong> Gewerbeordnung: www.ris.bka.gv.at<\/p>\n<p><!-- \/wp:paragraph --><\/p>\n<p><!-- wp:paragraph --><\/p>\n<p><strong>Aufsichtsbeh\u00f6rde\/Gewerbebeh\u00f6rde:<\/strong> Bezirkshauptmannschaft Wels<br \/><strong>Berufsbezeichnung:<\/strong> Denkmal-, Fassaden- und Geb\u00e4udereinigung (Handwerk) <br \/><strong>Verleihungsstaat:<\/strong> \u00d6sterreich<\/p>\n<p><!-- \/wp:paragraph --><\/p>\n<p><!-- wp:paragraph --><\/p>\n<p><strong>Gesch\u00e4ftsf\u00fchrer<\/strong><br \/>Herr Halimi Rilind<br \/>Privatperson<br \/>Anteil: 50,00%<\/p>\n<p><strong>Gesellschafter<\/strong><br \/>Herr Halimi Endrit<br \/>Privatperson<br \/>Anteil: 50,00%<\/p>\n<p><!-- \/wp:paragraph --><\/p>\n<p><!-- wp:paragraph --><\/p>\n<p><!-- \/wp:paragraph --><\/p>\n<p><!-- wp:paragraph --><\/p>\n<p><!-- \/wp:paragraph --><\/p>\n<p><!-- wp:heading {\"level\":3} --><\/p>\n<h3 id=\"eu-streitschlichtung\">EU-Streitschlichtung<\/h3>\n<p><!-- \/wp:heading --><\/p>\n<p><!-- wp:paragraph --><\/p>\n<p>Gem\u00e4\u00df Verordnung \u00fcber Online-Streitbeilegung in Verbraucherangelegenheiten (ODR-Verordnung) m\u00f6chten wir Sie \u00fcber die Online-Streitbeilegungsplattform (OS-Plattform) informieren.<br \/>Verbraucher haben die M\u00f6glichkeit, Beschwerden an die Online Streitbeilegungsplattform der Europ\u00e4ischen Kommission unter <a href=\"https:\/\/ec.europa.eu\/consumers\/odr\/main\/index.cfm?event=main.home2.show&amp;lng=DE\" target=\"_blank\" rel=\"noreferrer noopener\">http:\/\/ec.europa.eu\/odr?tid=121890425<\/a> zu richten. Die daf\u00fcr notwendigen Kontaktdaten finden Sie oberhalb in unserem Impressum.<\/p>\n<p><!-- \/wp:paragraph --><\/p>\n<p><!-- wp:paragraph --><\/p>\n<p>Wir m\u00f6chten Sie jedoch darauf hinweisen, dass wir nicht bereit oder verpflichtet sind, an Streitbeilegungsverfahren vor einer Verbraucherschlichtungsstelle teilzunehmen.<\/p>\n<p><!-- \/wp:paragraph --><\/p>\n<p><!-- wp:heading {\"level\":3} --><\/p>\n<h3 id=\"haftung-fuer-inhalte-dieser-webseite\">Haftung f\u00fcr Inhalte dieser Website<\/h3>\n<p><!-- \/wp:heading --><\/p>\n<p><!-- wp:paragraph --><\/p>\n<p>Wir entwickeln die Inhalte dieser Website st\u00e4ndig weiter und bem\u00fchen uns korrekte und aktuelle Informationen bereitzustellen. Leider k\u00f6nnen wir keine Haftung f\u00fcr die Korrektheit aller Inhalte auf dieser Website \u00fcbernehmen, speziell f\u00fcr jene, die seitens Dritter bereitgestellt wurden. Als Diensteanbieter sind wir nicht verpflichtet, die von ihnen \u00fcbermittelten oder gespeicherten Informationen zu \u00fcberwachen oder nach Umst\u00e4nden zu forschen, die auf eine rechtswidrige T\u00e4tigkeit hinweisen.<\/p>\n<p><!-- \/wp:paragraph --><\/p>\n<p><!-- wp:paragraph --><\/p>\n<p>Unsere Verpflichtungen zur Entfernung von Informationen oder zur Sperrung der Nutzung von Informationen nach den allgemeinen Gesetzen aufgrund von gerichtlichen oder beh\u00f6rdlichen Anordnungen bleiben auch im Falle unserer Nichtverantwortlichkeit davon unber\u00fchrt.<\/p>\n<p><!-- \/wp:paragraph --><\/p>\n<p><!-- wp:paragraph --><\/p>\n<p>Sollten Ihnen problematische oder rechtswidrige Inhalte auffallen, bitte wir Sie uns umgehend zu kontaktieren, damit wir die rechtswidrigen Inhalte entfernen k\u00f6nnen. Sie finden die Kontaktdaten im Impressum.<\/p>\n<p><!-- \/wp:paragraph --><\/p>\n<p><!-- wp:heading {\"level\":3} --><\/p>\n<h3 id=\"haftung-links-webseite\">Haftung f\u00fcr Links auf dieser Website<\/h3>\n<p><!-- \/wp:heading --><\/p>\n<p><!-- wp:paragraph --><\/p>\n<p>Unsere Website enth\u00e4lt Links zu anderen Websites f\u00fcr deren Inhalt wir nicht verantwortlich sind. Haftung f\u00fcr verlinkte Websites besteht f\u00fcr uns nicht, da wir keine Kenntnis rechtswidriger T\u00e4tigkeiten hatten und haben, uns solche Rechtswidrigkeiten auch bisher nicht aufgefallen sind und wir Links sofort entfernen w\u00fcrden, wenn uns Rechtswidrigkeiten bekannt werden.<\/p>\n<p><!-- \/wp:paragraph --><\/p>\n<p><!-- wp:paragraph --><\/p>\n<p>Wenn Ihnen rechtswidrige Links auf unserer Website auffallen, bitte wir Sie uns zu kontaktieren. Sie finden die Kontaktdaten im Impressum.<\/p>\n<p><!-- \/wp:paragraph --><\/p>\n<p><!-- wp:heading {\"level\":3} --><\/p>\n<h3 id=\"urheberrechtshinweis\">Urheberrechtshinweis<\/h3>\n<p><!-- \/wp:heading --><\/p>\n<p><!-- wp:paragraph --><\/p>\n<p>Alle Inhalte dieser Webseite (Bilder, Fotos, Texte, Videos) unterliegen dem Urheberrecht. Bitte fragen Sie uns bevor Sie die Inhalte dieser Website verbreiten, vervielf\u00e4ltigen oder verwerten wie zum Beispiel auf anderen Websites erneut ver\u00f6ffentlichen. Falls notwendig, werden wir die unerlaubte Nutzung von Teilen der Inhalte unserer Seite rechtlich verfolgen.<\/p>\n<p><!-- \/wp:paragraph --><\/p>\n<p><!-- wp:paragraph --><\/p>\n<p>Sollten Sie auf dieser Webseite Inhalte finden, die das Urheberrecht verletzen, bitten wir Sie uns zu kontaktieren.<\/p>\n<p><!-- \/wp:paragraph --><\/p>\n<p><!-- wp:heading {\"level\":3} --><\/p>\n<h3 id=\"bildernachweis\">Bildernachweis<\/h3>\n<p><!-- \/wp:heading --><\/p>\n<p><!-- wp:paragraph --><\/p>\n<p>Die Bilder, Fotos und Grafiken auf dieser Webseite sind urheberrechtlich gesch\u00fctzt.<\/p>\n<p><!-- \/wp:paragraph --><\/p>\n<p><!-- wp:paragraph --><\/p>\n<p><!-- \/wp:list --><\/p>\n<p><!-- wp:paragraph --><\/p>\n<p>Alle Texte sind urheberrechtlich gesch\u00fctzt.<\/p>\n<p><!-- \/wp:paragraph --><\/p>\n<p><!-- wp:paragraph --><\/p>\n<p>Quelle: Erstellt mit dem <a href=\"https:\/\/www.adsimple.at\/impressum-generator\/\">Impressum Generator<\/a> von <a href=\"http:\/\/adsimple.at\">AdSimple<\/a><\/p>\n<p><!-- \/wp:paragraph --><\/p>\t\t\t\t\t\t<\/div>\n\t\t\t\t<\/div>\n\t\t\t\t\t<\/div>\n\t\t<\/div>\n\t\t\t\t\t\t\t<\/div>\n\t\t<\/section>\n\t\t\t\t\t\t\t<\/div>\n\t\t","protected":false},"excerpt":{"rendered":"<p>Informationspflicht laut \u00a75 E-Commerce Gesetz, \u00a714 Unternehmensgesetzbuch, \u00a763 Gewerbeordnung und Offenlegungspflicht laut \u00a725 Mediengesetz. Gebr\u00fcder Halimi GmbHSalzburger Stra\u00dfe 1624600 Wels\u00d6sterreich UID-Nummer: ATU78144278GISA: 34851517, 34871089, 34871331Firmenbuchnummer: FN 574176 bFirmenbuchgericht: WelsFirmensitz: 4600 Wels Tel.: 0043 699 101 52 56 0E-Mail: office@halimi.at Mitglied bei: WKO, Landesinnung, etc.Berufsrecht: Gewerbeordnung: www.ris.bka.gv.at Aufsichtsbeh\u00f6rde\/Gewerbebeh\u00f6rde: Bezirkshauptmannschaft WelsBerufsbezeichnung: Denkmal-, Fassaden- und Geb\u00e4udereinigung (Handwerk) Verleihungsstaat: [&hellip;]<\/p>\n","protected":false},"author":1,"featured_media":0,"parent":0,"menu_order":0,"comment_status":"closed","ping_status":"closed","template":"","meta":[],"acf":[],"yoast_head":"<!-- This site is optimized with the Yoast SEO plugin v19.6.1 - https:\/\/yoast.com\/wordpress\/plugins\/seo\/ -->\n<title>Geb\u00e4udereinigung in Wels - Winterdienst, Gartenpflege | Gebr\u00fcder Halimi GmbH<\/title>\n<meta name=\"description\" content=\"Geb\u00e4udereinigung , Gartenpflege &amp;, Winterdienst in Wels, Ober\u00f6sterreich | Wir pflegen Ihr Objekt professionell und zuverl\u00e4ssig. Jetzt unverbindlich anfragen\" \/>\n<meta name=\"robots\" content=\"index, follow, max-snippet:-1, max-image-preview:large, max-video-preview:-1\" \/>\n<link rel=\"canonical\" href=\"https:\/\/www.halimi.at\/?page_id=938\" \/>\n<meta property=\"og:locale\" content=\"de_DE\" \/>\n<meta property=\"og:type\" content=\"article\" \/>\n<meta property=\"og:title\" content=\"Geb\u00e4udereinigung in Wels - Winterdienst, Gartenpflege | Gebr\u00fcder Halimi GmbH\" \/>\n<meta property=\"og:description\" content=\"Geb\u00e4udereinigung , Gartenpflege &amp;, Winterdienst in Wels, Ober\u00f6sterreich | Wir pflegen Ihr Objekt professionell und zuverl\u00e4ssig. Jetzt unverbindlich anfragen\" \/>\n<meta property=\"og:url\" content=\"https:\/\/www.halimi.at\/?page_id=938\" \/>\n<meta property=\"og:site_name\" content=\"Gebr\u00fcder Halimi GmbH\" \/>\n<meta property=\"article:modified_time\" content=\"2022-09-06T14:40:50+00:00\" \/>\n<meta name=\"twitter:card\" content=\"summary_large_image\" \/>\n<meta name=\"twitter:label1\" content=\"Gesch\u00e4tzte Lesezeit\" \/>\n\t<meta name=\"twitter:data1\" content=\"3\u00a0Minuten\" \/>\n<script type=\"application\/ld+json\" class=\"yoast-schema-graph\">{\"@context\":\"https:\/\/schema.org\",\"@graph\":[{\"@type\":\"WebPage\",\"@id\":\"https:\/\/www.halimi.at\/?page_id=938\",\"url\":\"https:\/\/www.halimi.at\/?page_id=938\",\"name\":\"Geb\u00e4udereinigung in Wels - Winterdienst, Gartenpflege | Gebr\u00fcder Halimi GmbH\",\"isPartOf\":{\"@id\":\"https:\/\/www.halimi.at\/#website\"},\"datePublished\":\"2021-05-03T09:54:07+00:00\",\"dateModified\":\"2022-09-06T14:40:50+00:00\",\"description\":\"Geb\u00e4udereinigung , Gartenpflege &, Winterdienst in Wels, Ober\u00f6sterreich | Wir pflegen Ihr Objekt professionell und zuverl\u00e4ssig. Jetzt unverbindlich anfragen\",\"breadcrumb\":{\"@id\":\"https:\/\/www.halimi.at\/?page_id=938#breadcrumb\"},\"inLanguage\":\"de\",\"potentialAction\":[{\"@type\":\"ReadAction\",\"target\":[\"https:\/\/www.halimi.at\/?page_id=938\"]}]},{\"@type\":\"BreadcrumbList\",\"@id\":\"https:\/\/www.halimi.at\/?page_id=938#breadcrumb\",\"itemListElement\":[{\"@type\":\"ListItem\",\"position\":1,\"name\":\"Startseite\",\"item\":\"https:\/\/www.halimi.at\/\"},{\"@type\":\"ListItem\",\"position\":2,\"name\":\"Impressum\"}]},{\"@type\":\"WebSite\",\"@id\":\"https:\/\/www.halimi.at\/#website\",\"url\":\"https:\/\/www.halimi.at\/\",\"name\":\"Gebr\u00fcder Halimi GmbH\",\"description\":\"Geb\u00e4udereinigung Wels, Gartenpflege Wels, Winterdienst Wels\",\"potentialAction\":[{\"@type\":\"SearchAction\",\"target\":{\"@type\":\"EntryPoint\",\"urlTemplate\":\"https:\/\/www.halimi.at\/?s={search_term_string}\"},\"query-input\":\"required name=search_term_string\"}],\"inLanguage\":\"de\"}]}<\/script>\n<!-- \/ Yoast SEO plugin. -->","yoast_head_json":{"title":"Geb\u00e4udereinigung in Wels - Winterdienst, Gartenpflege | Gebr\u00fcder Halimi GmbH","description":"Geb\u00e4udereinigung , Gartenpflege &, Winterdienst in Wels, Ober\u00f6sterreich | Wir pflegen Ihr Objekt professionell und zuverl\u00e4ssig. Jetzt unverbindlich anfragen","robots":{"index":"index","follow":"follow","max-snippet":"max-snippet:-1","max-image-preview":"max-image-preview:large","max-video-preview":"max-video-preview:-1"},"canonical":"https:\/\/www.halimi.at\/?page_id=938","og_locale":"de_DE","og_type":"article","og_title":"Geb\u00e4udereinigung in Wels - Winterdienst, Gartenpflege | Gebr\u00fcder Halimi GmbH","og_description":"Geb\u00e4udereinigung , Gartenpflege &, Winterdienst in Wels, Ober\u00f6sterreich | Wir pflegen Ihr Objekt professionell und zuverl\u00e4ssig. Jetzt unverbindlich anfragen","og_url":"https:\/\/www.halimi.at\/?page_id=938","og_site_name":"Gebr\u00fcder Halimi GmbH","article_modified_time":"2022-09-06T14:40:50+00:00","twitter_card":"summary_large_image","twitter_misc":{"Gesch\u00e4tzte Lesezeit":"3\u00a0Minuten"},"schema":{"@context":"https:\/\/schema.org","@graph":[{"@type":"WebPage","@id":"https:\/\/www.halimi.at\/?page_id=938","url":"https:\/\/www.halimi.at\/?page_id=938","name":"Geb\u00e4udereinigung in Wels - Winterdienst, Gartenpflege | Gebr\u00fcder Halimi GmbH","isPartOf":{"@id":"https:\/\/www.halimi.at\/#website"},"datePublished":"2021-05-03T09:54:07+00:00","dateModified":"2022-09-06T14:40:50+00:00","description":"Geb\u00e4udereinigung , Gartenpflege &, Winterdienst in Wels, Ober\u00f6sterreich | Wir pflegen Ihr Objekt professionell und zuverl\u00e4ssig. Jetzt unverbindlich anfragen","breadcrumb":{"@id":"https:\/\/www.halimi.at\/?page_id=938#breadcrumb"},"inLanguage":"de","potentialAction":[{"@type":"ReadAction","target":["https:\/\/www.halimi.at\/?page_id=938"]}]},{"@type":"BreadcrumbList","@id":"https:\/\/www.halimi.at\/?page_id=938#breadcrumb","itemListElement":[{"@type":"ListItem","position":1,"name":"Startseite","item":"https:\/\/www.halimi.at\/"},{"@type":"ListItem","position":2,"name":"Impressum"}]},{"@type":"WebSite","@id":"https:\/\/www.halimi.at\/#website","url":"https:\/\/www.halimi.at\/","name":"Gebr\u00fcder Halimi GmbH","description":"Geb\u00e4udereinigung Wels, Gartenpflege Wels, Winterdienst Wels","potentialAction":[{"@type":"SearchAction","target":{"@type":"EntryPoint","urlTemplate":"https:\/\/www.halimi.at\/?s={search_term_string}"},"query-input":"required name=search_term_string"}],"inLanguage":"de"}]}},"_links":{"self":[{"href":"https:\/\/www.halimi.at\/index.php?rest_route=\/wp\/v2\/pages\/938"}],"collection":[{"href":"https:\/\/www.halimi.at\/index.php?rest_route=\/wp\/v2\/pages"}],"about":[{"href":"https:\/\/www.halimi.at\/index.php?rest_route=\/wp\/v2\/types\/page"}],"author":[{"embeddable":true,"href":"https:\/\/www.halimi.at\/index.php?rest_route=\/wp\/v2\/users\/1"}],"replies":[{"embeddable":true,"href":"https:\/\/www.halimi.at\/index.php?rest_route=%2Fwp%2Fv2%2Fcomments&post=938"}],"version-history":[{"count":39,"href":"https:\/\/www.halimi.at\/index.php?rest_route=\/wp\/v2\/pages\/938\/revisions"}],"predecessor-version":[{"id":5056,"href":"https:\/\/www.halimi.at\/index.php?rest_route=\/wp\/v2\/pages\/938\/revisions\/5056"}],"wp:attachment":[{"href":"https:\/\/www.halimi.at\/index.php?rest_route=%2Fwp%2Fv2%2Fmedia&parent=938"}],"curies":[{"name":"wp","href":"https:\/\/api.w.org\/{rel}","templated":true}]}}